{"id":876,"date":"2016-09-19T17:04:07","date_gmt":"2016-09-19T15:04:07","guid":{"rendered":"http:\/\/localhost\/nativechurch1\/?page_id=876"},"modified":"2026-01-23T16:54:48","modified_gmt":"2026-01-23T15:54:48","slug":"kontakt","status":"publish","type":"page","link":"https:\/\/www.zrodlozyciaopole.pl\/en\/kontakt\/","title":{"rendered":"Contact us"},"content":{"rendered":"<div id=\"pl-876\"  class=\"panel-layout\" ><div id=\"pg-876-0\"  class=\"panel-grid panel-has-style\" ><div class=\"siteorigin-panels-stretch panel-row-style panel-row-style-for-876-0\" data-stretch-type=\"full\" ><div id=\"pgc-876-0-0\"  class=\"panel-grid-cell\" ><div id=\"panel-876-0-0-0\" class=\"so-panel widget widget_sow-editor panel-first-child panel-last-child\" data-index=\"0\" ><div class=\"so-widget-sow-editor so-widget-sow-editor-base\">\n<div class=\"siteorigin-widget-tinymce textwidget\">\n\t<p><iframe style=\"border: 0;\" src=\"https:\/\/www.google.com\/maps\/embed?pb=!1m18!1m12!1m3!1d1264.2893865039869!2d17.92161865826364!3d50.67208099487671!2m3!1f0!2f0!3f0!3m2!1i1024!2i768!4f13.1!3m3!1m2!1s0x47105304c6e0cea1%3A0xff8de8c3ea4dc4c6!2zS2_Fm2Npw7PFgiBDaHJ6ZcWbY2lqYW4gQmFwdHlzdMOzdyBaYsOzciAixblyw7NkxYJvIMW7eWNpYSIgdyBPcG9sdQ!5e0!3m2!1spl!2spl!4v1635970613481!5m2!1spl!2spl\" width=\"630\" height=\"350\" allowfullscreen=\"allowfullscreen\"><\/iframe><\/p>\n<\/div>\n<\/div><\/div><\/div><div id=\"pgc-876-0-1\"  class=\"panel-grid-cell\" ><div id=\"panel-876-0-1-0\" class=\"so-panel widget widget_sow-video panel-first-child panel-last-child\" data-index=\"1\" ><div class=\"so-widget-sow-video so-widget-sow-video-base\">\n<div class=\"sow-video-wrapper\">\n\t\t\t<iframe title=\"Jak trafi\u0107 do \u0179r\u00f3d\u0142a \u017bycia?\" width=\"680\" height=\"383\" src=\"https:\/\/www.youtube.com\/embed\/tXft5nW05Ps?feature=oembed\" frameborder=\"0\" allow=\"accelerometer; autoplay; clipboard-write; encrypted-media; gyroscope; picture-in-picture; web-share\" referrerpolicy=\"strict-origin-when-cross-origin\" allowfullscreen><\/iframe>\t<\/div>\n<\/div><\/div><\/div><\/div><\/div><div id=\"pg-876-1\"  class=\"panel-grid panel-no-style\" ><div id=\"pgc-876-1-0\"  class=\"panel-grid-cell\" ><div id=\"panel-876-1-0-0\" class=\"so-panel widget widget_sow-editor panel-first-child panel-last-child\" data-index=\"2\" ><div class=\"so-widget-sow-editor so-widget-sow-editor-base\">\n<div class=\"siteorigin-widget-tinymce textwidget\">\n\t<h4>\u201cSource of Life\u201d Baptist Church in Opole<\/h4>\n<p>ul. Sienkiewicza 20of<br \/>\n45-037 Opole<\/p>\n<p>Entrance from the main street through the gate<\/p>\n<p><i class=\"fa fa-phone\"><\/i> 796 384 452<br \/>\n<i class=\"fa fa-envelope\"><\/i> <a href=\"mailto:kontakt@zrodlozyciaopole.pl\">kontakt@zrodlozyciaopole.pl<\/a><\/p>\n<h4>Bank details:<\/h4>\n<p>PL 44 1050 1504 1000 0090 3094 8765<br \/>\nSWIFT \/ BIC: INGBPLPW<\/p>\n<\/div>\n<\/div><\/div><\/div><div id=\"pgc-876-1-1\"  class=\"panel-grid-cell\" ><div id=\"panel-876-1-1-0\" class=\"so-panel widget widget_sow-editor panel-first-child panel-last-child\" data-index=\"3\" ><div class=\"so-widget-sow-editor so-widget-sow-editor-base\"><h3 class=\"widget-title\">Contact Form<\/h3>\n<div class=\"siteorigin-widget-tinymce textwidget\">\n\t<div role=\"form\" class=\"wpcf7\" id=\"wpcf7-f1049-o1\" lang=\"en-US\" dir=\"ltr\">\n<div class=\"screen-reader-response\">\n<p role=\"status\" aria-live=\"polite\" aria-atomic=\"true\">\n<ul><\/ul>\n<\/div>\n<form action=\"\/en\/wp-json\/wp\/v2\/pages\/876#wpcf7-f1049-o1\" method=\"post\" class=\"wpcf7-form init\" novalidate=\"novalidate\" data-status=\"init\" data-trp-original-action=\"\/en\/wp-json\/wp\/v2\/pages\/876#wpcf7-f1049-o1\">\n<div style=\"display: none;\">\n<input type=\"hidden\" name=\"_wpcf7\" value=\"1049\" \/><br \/>\n<input type=\"hidden\" name=\"_wpcf7_version\" value=\"5.5.6\" \/><br \/>\n<input type=\"hidden\" name=\"_wpcf7_locale\" value=\"en_US\" \/><br \/>\n<input type=\"hidden\" name=\"_wpcf7_unit_tag\" value=\"wpcf7-f1049-o1\" \/><br \/>\n<input type=\"hidden\" name=\"_wpcf7_container_post\" value=\"0\" \/><br \/>\n<input type=\"hidden\" name=\"_wpcf7_posted_data_hash\" value=\"\" \/>\n<\/div>\n<div class=\"row\">\n<div class=\"col-md-6 margin-15\">\n<div class=\"form-group\">\n<span class=\"wpcf7-form-control-wrap imie\"><input type=\"text\" name=\"imie\" value=\"\" size=\"40\" class=\"wpcf7-form-control wpcf7-text wpcf7-validates-as-required form-control input-lg\" aria-required=\"true\" aria-invalid=\"false\" placeholder=\"Name\" \/><\/span>\n<\/div>\n<div class=\"form-group\">\n<span class=\"wpcf7-form-control-wrap email\"><input type=\"email\" name=\"email\" value=\"\" size=\"40\" class=\"wpcf7-form-control wpcf7-text wpcf7-email wpcf7-validates-as-required wpcf7-validates-as-email form-control input-lg\" aria-required=\"true\" aria-invalid=\"false\" placeholder=\"Email*\" \/><\/span>\n<\/div>\n<div class=\"form-group\">\n<span class=\"wpcf7-form-control-wrap phone\"><input type=\"tel\" name=\"phone\" value=\"\" size=\"40\" class=\"wpcf7-form-control wpcf7-text wpcf7-tel wpcf7-validates-as-tel form-control input-lg\" aria-invalid=\"false\" placeholder=\"Phone number\" \/><\/span>\n<\/div>\n<\/div>\n<div class=\"col-md-6\">\n<div class=\"form-group\">\n<span class=\"wpcf7-form-control-wrap message\"><textarea name=\"message\" cols=\"40\" rows=\"10\" class=\"wpcf7-form-control wpcf7-textarea form-control input-lg\" aria-invalid=\"false\" placeholder=\"Type your message here..\"><\/textarea><\/span>\n<\/div>\n<\/div>\n<\/div>\n<div class=\"row\">\n<div class=\"col-md-12\">\n<div class=\"spacer-20\"><\/div>\n<p><input type=\"submit\" value=\"Send\" class=\"wpcf7-form-control has-spinner wpcf7-submit btn btn-primary btn-lg pull-right\" \/>\n<\/p>\n<\/div>\n<\/div>\n<div class=\"wpcf7-response-output\" aria-hidden=\"true\"><\/div>\n<input type=\"hidden\" name=\"trp-form-language\" value=\"en\"\/><\/form>\n<\/div>\n<\/div>\n<\/div><\/div><\/div><\/div><\/div>","protected":false},"excerpt":{"rendered":"<p>Zb\u00f3r KChB &#8222;\u0179r\u00f3d\u0142o \u017bycia&#8221; w Opolu ul. Sienkiewicza 20of 45-037 Opole * wej\u015bcie z ulicy g\u0142\u00f3wnej przez bram\u0119 796 384 452 kontakt@zrodlozyciaopole.pl Konto bankowe PL 44 1050 1504 1000 0090 3094 8765 SWIFT \/ BIC: INGBPLPW<\/p>","protected":false},"author":1,"featured_media":0,"parent":0,"menu_order":0,"comment_status":"closed","ping_status":"closed","template":"","meta":{"_monsterinsights_skip_tracking":false,"_monsterinsights_sitenote_active":false,"_monsterinsights_sitenote_note":"","_monsterinsights_sitenote_category":0,"footnotes":""},"class_list":["post-876","page","type-page","status-publish","hentry"],"_links":{"self":[{"href":"https:\/\/www.zrodlozyciaopole.pl\/en\/wp-json\/wp\/v2\/pages\/876","targetHints":{"allow":["GET"]}}],"collection":[{"href":"https:\/\/www.zrodlozyciaopole.pl\/en\/wp-json\/wp\/v2\/pages"}],"about":[{"href":"https:\/\/www.zrodlozyciaopole.pl\/en\/wp-json\/wp\/v2\/types\/page"}],"author":[{"embeddable":true,"href":"https:\/\/www.zrodlozyciaopole.pl\/en\/wp-json\/wp\/v2\/users\/1"}],"replies":[{"embeddable":true,"href":"https:\/\/www.zrodlozyciaopole.pl\/en\/wp-json\/wp\/v2\/comments?post=876"}],"version-history":[{"count":0,"href":"https:\/\/www.zrodlozyciaopole.pl\/en\/wp-json\/wp\/v2\/pages\/876\/revisions"}],"wp:attachment":[{"href":"https:\/\/www.zrodlozyciaopole.pl\/en\/wp-json\/wp\/v2\/media?parent=876"}],"curies":[{"name":"wp","href":"https:\/\/api.w.org\/{rel}","templated":true}]}}