{"id":867,"date":"2016-09-19T16:51:43","date_gmt":"2016-09-19T16:51:43","guid":{"rendered":"http:\/\/localhost\/nativechurch1\/?page_id=867"},"modified":"2026-03-21T17:23:00","modified_gmt":"2026-03-21T16:23:00","slug":"o-nas","status":"publish","type":"page","link":"https:\/\/www.zrodlozyciaopole.pl\/en\/o-nas\/","title":{"rendered":"About us"},"content":{"rendered":"<div id=\"pl-867\"  class=\"panel-layout\" ><div id=\"pg-867-0\"  class=\"panel-grid panel-has-style\" ><div class=\"siteorigin-panels-stretch panel-row-style panel-row-style-for-867-0\" data-stretch-type=\"full\" ><div id=\"pgc-867-0-0\"  class=\"panel-grid-cell\" ><div id=\"panel-867-0-0-0\" class=\"so-panel widget widget_sow-editor panel-first-child panel-last-child\" data-index=\"0\" ><div class=\"so-widget-sow-editor so-widget-sow-editor-base\">\n<div class=\"siteorigin-widget-tinymce textwidget\">\n\t<p>We are part of the Baptist Union of Poland (Ko\u015bci\u00f3\u0142 Chrze\u015bcijan Baptyst\u00f3w w RP), which bases its teaching and ministry on the truths of the Holy Scriptures.\nIn 2005, we established a branch of the Second Baptist Church of Wroc\u0142aw here in Opole.\nWe operated in that form until October 4, 2015, when we became an independent congregation: the \u201cSource of Life\u201d Baptist Church in Opole.<\/p>\n<p>We desire to reach the people of Opole and the surrounding areas with the Gospel, to make them disciples of Jesus, and to follow our Lord together.\nBecause the greatest need of every human being is the forgiveness of their sins.\nAnd that is only possible through repentance and faith (Acts 3:19; 10:43).\n\nRepentance means a change in how we think about God, about ourselves and our sinfulness, and about who Jesus Christ is, what He has done, and what He will do.\nRepentance is the response to the good news of Jesus\u2019 life, death, and resurrection. It is a heartfelt awareness of sin, a hatred of it, and a deep trust in the saving work of Christ on the cross. . .where He redeemed people for God from every tribe, language, people, and nation (Revelation 5:9).\n\nJesus gave His life for His Church (Ephesians 5:25), bearing the punishment for our sins (1 John 2:2).\nAnd for those who are in Christ, there is now no condemnation (Romans 8:1).<\/p>\n<p>We believe it is God\u2019s will for every Christian to be part of a local church, where members build one another up (Ephesians 2:22; 4:15\u201316).\nGod designed the local church to display the truth to the world, for the Word of God calls the church \u201cthe pillar and foundation of the truth\u201d (1 Timothy 3:15).\n\nIt is our desire that both our church and other Christ-centered churches in our city would boldly uphold this truth. . . through both their teaching and the way they live.<\/p>\n<p>The church is made up of members who confess faith in Jesus Christ as their personal Savior, give evidence of spiritual rebirth through their lives, have been baptized, and affirm our Confession of Faith.\nEvery member has the right to vote during Church Conferences, where the most important decisions are made, including the reception and removal of members, and the appointment or dismissal of leaders.<\/p>\n<p>Zborem przewodzi Rada Zboru, kt\u00f3ra wybierana jest spo\u015br\u00f3d cz\u0142onk\u00f3w. G\u0142\u00f3wn\u0105 odpowiedzialno\u015bci\u0105 Rady Zboru jest troska o biblijne nauczanie i kierowanie dzia\u0142alno\u015bci\u0105 zboru. W sk\u0142ad Rady wchodz\u0105 te\u017c starsi, kt\u00f3rzy maj\u0105 szczeg\u00f3ln\u0105 odpowiedzialno\u015b\u0107 za duszpasterstwo i nauczanie S\u0142owa.<\/p>\n<p>&nbsp;<\/p>\n<p><strong>Church Council Members:<\/strong><\/p>\n<\/div>\n<\/div><\/div><\/div><\/div><\/div><div id=\"pg-867-1\"  class=\"panel-grid panel-no-style\" ><div id=\"pgc-867-1-0\"  class=\"panel-grid-cell\" ><div id=\"panel-867-1-0-0\" class=\"so-panel widget widget_staff-grid-widget panel-first-child panel-last-child\" data-index=\"1\" ><div class=\"so-widget-staff-grid-widget so-widget-staff-grid-widget-base\"><div class=\"row\">\n<div class=\"col-md-4 col-sm-6\">\n\t<div class=\"grid-item staff-item\"> \n    \t<div class=\"grid-item-inner format-standard\"><a href=\"https:\/\/www.zrodlozyciaopole.pl\/en\/staff\/rick-irons\/\" class=\"media-box\">\n                \t<img decoding=\"async\" src=\"https:\/\/www.zrodlozyciaopole.pl\/wp-content\/uploads\/2014\/02\/Struktura-Zboru.png\" class=\"attachment-full size-full wp-post-image\" alt=\"\" srcset=\"https:\/\/www.zrodlozyciaopole.pl\/wp-content\/uploads\/2014\/02\/Struktura-Zboru.png 1200w, https:\/\/www.zrodlozyciaopole.pl\/wp-content\/uploads\/2014\/02\/Struktura-Zboru-300x200.png 300w, https:\/\/www.zrodlozyciaopole.pl\/wp-content\/uploads\/2014\/02\/Struktura-Zboru-1024x683.png 1024w, https:\/\/www.zrodlozyciaopole.pl\/wp-content\/uploads\/2014\/02\/Struktura-Zboru-768x512.png 768w, https:\/\/www.zrodlozyciaopole.pl\/wp-content\/uploads\/2014\/02\/Struktura-Zboru-600x400.png 600w, https:\/\/www.zrodlozyciaopole.pl\/wp-content\/uploads\/2014\/02\/Struktura-Zboru-958x639.png 958w, https:\/\/www.zrodlozyciaopole.pl\/wp-content\/uploads\/2014\/02\/Struktura-Zboru-272x182.png 272w\" sizes=\"(max-width: 1200px) 100vw, 1200px\" \/><\/a><div class=\"grid-content\">\n              \t<h3> <a href=\"https:\/\/www.zrodlozyciaopole.pl\/en\/staff\/rick-irons\/\">Rick Irons<\/a><\/h3><div class=\"page-content\"><p>Starszy Zboru<\/p><\/div><\/div><\/div><\/div><\/div><div class=\"col-md-4 col-sm-6\">\n\t<div class=\"grid-item staff-item\"> \n    \t<div class=\"grid-item-inner format-standard\"><a href=\"https:\/\/www.zrodlozyciaopole.pl\/en\/staff\/grzegorz-jaeger\/\" class=\"media-box\">\n                \t<img decoding=\"async\" src=\"https:\/\/www.zrodlozyciaopole.pl\/wp-content\/uploads\/2014\/02\/Grzegorz.jpg\" class=\"attachment-full size-full wp-post-image\" alt=\"\" srcset=\"https:\/\/www.zrodlozyciaopole.pl\/wp-content\/uploads\/2014\/02\/Grzegorz.jpg 1797w, https:\/\/www.zrodlozyciaopole.pl\/wp-content\/uploads\/2014\/02\/Grzegorz-300x213.jpg 300w, https:\/\/www.zrodlozyciaopole.pl\/wp-content\/uploads\/2014\/02\/Grzegorz-1024x728.jpg 1024w, https:\/\/www.zrodlozyciaopole.pl\/wp-content\/uploads\/2014\/02\/Grzegorz-768x546.jpg 768w, https:\/\/www.zrodlozyciaopole.pl\/wp-content\/uploads\/2014\/02\/Grzegorz-1536x1092.jpg 1536w, https:\/\/www.zrodlozyciaopole.pl\/wp-content\/uploads\/2014\/02\/Grzegorz-958x681.jpg 958w, https:\/\/www.zrodlozyciaopole.pl\/wp-content\/uploads\/2014\/02\/Grzegorz-24x17.jpg 24w, https:\/\/www.zrodlozyciaopole.pl\/wp-content\/uploads\/2014\/02\/Grzegorz-36x26.jpg 36w, https:\/\/www.zrodlozyciaopole.pl\/wp-content\/uploads\/2014\/02\/Grzegorz-48x34.jpg 48w\" sizes=\"(max-width: 1797px) 100vw, 1797px\" \/><\/a><div class=\"grid-content\">\n              \t<h3> <a href=\"https:\/\/www.zrodlozyciaopole.pl\/en\/staff\/grzegorz-jaeger\/\">Grzegorz Jaeger<\/a><\/h3><div class=\"page-content\"><p>Starszy Zboru, Przewodnicz\u0105cy Rady<\/p><\/div><\/div><\/div><\/div><\/div><div class=\"col-md-4 col-sm-6\">\n\t<div class=\"grid-item staff-item\"> \n    \t<div class=\"grid-item-inner format-standard\"><a href=\"https:\/\/www.zrodlozyciaopole.pl\/en\/staff\/szymon-kowal\/\" class=\"media-box\">\n                \t<img decoding=\"async\" src=\"https:\/\/www.zrodlozyciaopole.pl\/wp-content\/uploads\/2014\/02\/Szymon-e1717942996196.jpg\" class=\"attachment-full size-full wp-post-image\" alt=\"\" srcset=\"https:\/\/www.zrodlozyciaopole.pl\/wp-content\/uploads\/2014\/02\/Szymon-e1717942996196.jpg 1995w, https:\/\/www.zrodlozyciaopole.pl\/wp-content\/uploads\/2014\/02\/Szymon-e1717942996196-300x214.jpg 300w, https:\/\/www.zrodlozyciaopole.pl\/wp-content\/uploads\/2014\/02\/Szymon-e1717942996196-1024x731.jpg 1024w, https:\/\/www.zrodlozyciaopole.pl\/wp-content\/uploads\/2014\/02\/Szymon-e1717942996196-768x549.jpg 768w, https:\/\/www.zrodlozyciaopole.pl\/wp-content\/uploads\/2014\/02\/Szymon-e1717942996196-1536x1097.jpg 1536w, https:\/\/www.zrodlozyciaopole.pl\/wp-content\/uploads\/2014\/02\/Szymon-e1717942996196-958x684.jpg 958w, https:\/\/www.zrodlozyciaopole.pl\/wp-content\/uploads\/2014\/02\/Szymon-e1717942996196-24x17.jpg 24w, https:\/\/www.zrodlozyciaopole.pl\/wp-content\/uploads\/2014\/02\/Szymon-e1717942996196-36x26.jpg 36w, https:\/\/www.zrodlozyciaopole.pl\/wp-content\/uploads\/2014\/02\/Szymon-e1717942996196-48x34.jpg 48w\" sizes=\"(max-width: 1995px) 100vw, 1995px\" \/><\/a><div class=\"grid-content\">\n              \t<h3> <a href=\"https:\/\/www.zrodlozyciaopole.pl\/en\/staff\/szymon-kowal\/\">Szymon Kowal<\/a><\/h3><div class=\"page-content\"><p>Cz\u0142onek Rady, Zast\u0119pca Przewodnicz\u0105cego<\/p><\/div><\/div><\/div><\/div><\/div><\/div>\n<\/div><\/div><\/div><\/div><\/div>","protected":false},"excerpt":{"rendered":"<p>Jeste\u015bmy cz\u0119\u015bci\u0105 Ko\u015bcio\u0142a Chrze\u015bcijan Baptyst\u00f3w w Rzeczypospolitej Polskiej, kt\u00f3ry opiera swoj\u0105 nauk\u0119 i dzia\u0142alno\u015b\u0107 na prawdach Pisma \u015awi\u0119tego. W 2005 r. utworzyli\u015bmy w Opolu plac\u00f3wk\u0119 II Zboru Ko\u015bcio\u0142a Chrze\u015bcijan Baptyst\u00f3w we Wroc\u0142awiu. W tej formie funkcjonowali\u015bmy do 2015 r., kiedy to 4 pa\u017adziernika nast\u0105pi\u0142o nasze usamodzielnienie jako Zboru KChB \u201e\u0179r\u00f3d\u0142o \u017bycia\u201d w Opolu. Chcemy dociera\u0107 [&hellip;]<\/p>","protected":false},"author":1,"featured_media":0,"parent":0,"menu_order":0,"comment_status":"closed","ping_status":"closed","template":"","meta":{"_monsterinsights_skip_tracking":false,"_monsterinsights_sitenote_active":false,"_monsterinsights_sitenote_note":"","_monsterinsights_sitenote_category":0,"footnotes":""},"class_list":["post-867","page","type-page","status-publish","hentry"],"_links":{"self":[{"href":"https:\/\/www.zrodlozyciaopole.pl\/en\/wp-json\/wp\/v2\/pages\/867","targetHints":{"allow":["GET"]}}],"collection":[{"href":"https:\/\/www.zrodlozyciaopole.pl\/en\/wp-json\/wp\/v2\/pages"}],"about":[{"href":"https:\/\/www.zrodlozyciaopole.pl\/en\/wp-json\/wp\/v2\/types\/page"}],"author":[{"embeddable":true,"href":"https:\/\/www.zrodlozyciaopole.pl\/en\/wp-json\/wp\/v2\/users\/1"}],"replies":[{"embeddable":true,"href":"https:\/\/www.zrodlozyciaopole.pl\/en\/wp-json\/wp\/v2\/comments?post=867"}],"version-history":[{"count":0,"href":"https:\/\/www.zrodlozyciaopole.pl\/en\/wp-json\/wp\/v2\/pages\/867\/revisions"}],"wp:attachment":[{"href":"https:\/\/www.zrodlozyciaopole.pl\/en\/wp-json\/wp\/v2\/media?parent=867"}],"curies":[{"name":"wp","href":"https:\/\/api.w.org\/{rel}","templated":true}]}}