{"id":796,"date":"2016-07-04T19:24:14","date_gmt":"2016-07-04T19:24:14","guid":{"rendered":"http:\/\/import.imithemes.com\/nativechurch\/?page_id=796"},"modified":"2023-02-16T17:06:15","modified_gmt":"2023-02-16T16:06:15","slug":"home-page-builder","status":"publish","type":"page","link":"https:\/\/www.zrodlozyciaopole.pl\/en\/","title":{"rendered":"Home"},"content":{"rendered":"<div id=\"pl-796\"  class=\"panel-layout\" ><div id=\"pg-796-0\"  class=\"panel-grid panel-has-style\" ><div class=\"siteorigin-panels-stretch panel-row-style panel-row-style-for-796-0\" data-stretch-type=\"full\" ><div id=\"pgc-796-0-0\"  class=\"panel-grid-cell\" ><div id=\"panel-796-0-0-0\" class=\"so-panel widget widget_featured-block-widget panel-first-child panel-last-child\" data-index=\"0\" ><div class=\"so-widget-featured-block-widget so-widget-featured-block-widget-base\">\n\n<div class=\"featured-block\"> <a href=\"https:\/\/www.zrodlozyciaopole.pl\/en\/kim-sa-baptysci\/\" class=\"img-thumbnail\" >\t<img decoding=\"async\" src=\"https:\/\/www.zrodlozyciaopole.pl\/wp-content\/uploads\/2022\/04\/kim_sa.jpg\" width=\"600\" height=\"400\" featured_title=\"Kim s\u0105 bapty\u015bci?\"  class=\"featured-block-widget\" style=\"max-width:100%; height:auto; display:block\"> <strong>Who are the Baptists?<\/strong> <span class=\"more\">There's more<\/span>\n<\/a><\/div><\/div><\/div><\/div><div id=\"pgc-796-0-1\"  class=\"panel-grid-cell\" ><div id=\"panel-796-0-1-0\" class=\"so-panel widget widget_featured-block-widget panel-first-child panel-last-child\" data-index=\"1\" ><div class=\"so-widget-featured-block-widget so-widget-featured-block-widget-base\">\n\n<div class=\"featured-block\"> <a href=\"https:\/\/www.zrodlozyciaopole.pl\/en\/w-co-wierzymy\/\" class=\"img-thumbnail\" >\t<img decoding=\"async\" src=\"https:\/\/www.zrodlozyciaopole.pl\/wp-content\/uploads\/2022\/04\/w_co_wierzymy.jpg\" width=\"600\" height=\"400\" featured_title=\"W co wierzymy\"  class=\"featured-block-widget\" style=\"max-width:100%; height:auto; display:block\"> <strong>Our beliefs<\/strong> <span class=\"more\">There's more<\/span>\n<\/a><\/div><\/div><\/div><\/div><div id=\"pgc-796-0-2\"  class=\"panel-grid-cell\" ><div id=\"panel-796-0-2-0\" class=\"so-panel widget widget_featured-block-widget panel-first-child panel-last-child\" data-index=\"2\" ><div class=\"so-widget-featured-block-widget so-widget-featured-block-widget-base\">\n\n<div class=\"featured-block\"> <a href=\"https:\/\/www.zrodlozyciaopole.pl\/en\/o-nas\/\" class=\"img-thumbnail\" >\t<img decoding=\"async\" src=\"https:\/\/www.zrodlozyciaopole.pl\/wp-content\/uploads\/2023\/02\/onas.jpeg\" width=\"2000\" height=\"1333\" featured_title=\"O nas \u00a0\u00a0\u00a0\u00a0\u00a0\u00a0\u00a0\u00a0\"  class=\"featured-block-widget\" style=\"max-width:100%; height:auto; display:block\"> <strong>About us \u00a0\u00a0\u00a0\u00a0\u00a0\u00a0\u00a0\u00a0<\/strong> <span class=\"more\">There's more<\/span>\n<\/a><\/div><\/div><\/div><\/div><\/div><\/div><div id=\"pg-796-1\"  class=\"panel-grid panel-has-style\" ><div class=\"siteorigin-panels-stretch panel-row-style panel-row-style-for-796-1\" data-stretch-type=\"full\" ><div id=\"pgc-796-1-0\"  class=\"panel-grid-cell\" ><div id=\"panel-796-1-0-0\" class=\"so-panel widget widget_black-studio-tinymce widget_black_studio_tinymce panel-first-child panel-last-child\" data-index=\"3\" ><div class=\"werset panel-widget-style panel-widget-style-for-796-1-0-0\" ><div class=\"textwidget\"><p><span class=\"wer\">For the fountain of life is with You;<\/span><br \/>\n<span class=\"wer\">In Your light we see light<\/span><br \/>\n<span class=\"ref\">Psalm 36:10<\/span><\/p>\n<\/div><\/div><\/div><\/div><\/div><\/div><div id=\"pg-796-2\"  class=\"panel-grid panel-has-style\" ><div class=\"panel-row-style panel-row-style-for-796-2\" ><div id=\"pgc-796-2-0\"  class=\"panel-grid-cell\" ><div id=\"panel-796-2-0-0\" class=\"so-panel widget widget_posts-list-widget panel-first-child panel-last-child\" data-index=\"4\" ><div class=\"so-widget-posts-list-widget so-widget-posts-list-widget-base\"><div class=\"sidebar-widget-title\">\n<h3 class=\"widgettitle\">News<\/h3>\n<\/div>\n<ul class=\"isotope-grid row\">\n<li class=\"grid-item col-md-4 col-sm-6 post format-standard\"><div class=\"grid-item-inner\"><a href=\"https:\/\/www.zrodlozyciaopole.pl\/en\/2026\/03\/31\/wielkanoc-2026\/\" class=\"media-box\"><img decoding=\"async\" src=\"https:\/\/www.zrodlozyciaopole.pl\/wp-content\/uploads\/2023\/03\/GoodFriday.png\" class=\"attachment-full size-full wp-post-image\" alt=\"\" srcset=\"https:\/\/www.zrodlozyciaopole.pl\/wp-content\/uploads\/2023\/03\/GoodFriday.png 1270w, https:\/\/www.zrodlozyciaopole.pl\/wp-content\/uploads\/2023\/03\/GoodFriday-300x170.png 300w, https:\/\/www.zrodlozyciaopole.pl\/wp-content\/uploads\/2023\/03\/GoodFriday-1024x581.png 1024w, https:\/\/www.zrodlozyciaopole.pl\/wp-content\/uploads\/2023\/03\/GoodFriday-768x435.png 768w, https:\/\/www.zrodlozyciaopole.pl\/wp-content\/uploads\/2023\/03\/GoodFriday-18x10.png 18w, https:\/\/www.zrodlozyciaopole.pl\/wp-content\/uploads\/2023\/03\/GoodFriday-958x543.png 958w, https:\/\/www.zrodlozyciaopole.pl\/wp-content\/uploads\/2023\/03\/GoodFriday-24x14.png 24w, https:\/\/www.zrodlozyciaopole.pl\/wp-content\/uploads\/2023\/03\/GoodFriday-36x20.png 36w, https:\/\/www.zrodlozyciaopole.pl\/wp-content\/uploads\/2023\/03\/GoodFriday-48x27.png 48w\" sizes=\"(max-width: 1270px) 100vw, 1270px\" \/><\/a><div class=\"grid-content\"><h3><a href=\"https:\/\/www.zrodlozyciaopole.pl\/en\/2026\/03\/31\/wielkanoc-2026\/\">Wielkanoc 2026<\/a><\/h3><span class=\"meta-data\"><span><i class=\"fa fa-calendar\"><\/i>31 March 2026<\/span><\/span><div class=\"page-content\"><p>During the Easter season, we warmly invite you to join us for the following services:\n\u271d\ufe0f Good Friday service \u2013 at 6:30 PM\n\ud83c\udf05 Easter Sunday service with breakfast \u2013 at 10:30 AM<\/p><\/div><p><a href=\"https:\/\/www.zrodlozyciaopole.pl\/en\/2026\/03\/31\/wielkanoc-2026\/\" class=\"btn btn-primary\">Read on<\/a><\/p><\/div> <\/div><\/li><li class=\"grid-item col-md-4 col-sm-6 post format-standard\"><div class=\"grid-item-inner\"><a href=\"https:\/\/www.zrodlozyciaopole.pl\/en\/2025\/12\/20\/nabozenstwo-bozonarodzeniowe\/\" class=\"media-box\"><img decoding=\"async\" src=\"https:\/\/www.zrodlozyciaopole.pl\/wp-content\/uploads\/2024\/12\/Bozenarodzenie2025.jpg\" class=\"attachment-full size-full wp-post-image\" alt=\"\" srcset=\"https:\/\/www.zrodlozyciaopole.pl\/wp-content\/uploads\/2024\/12\/Bozenarodzenie2025.jpg 1920w, https:\/\/www.zrodlozyciaopole.pl\/wp-content\/uploads\/2024\/12\/Bozenarodzenie2025-300x169.jpg 300w, https:\/\/www.zrodlozyciaopole.pl\/wp-content\/uploads\/2024\/12\/Bozenarodzenie2025-1024x576.jpg 1024w, https:\/\/www.zrodlozyciaopole.pl\/wp-content\/uploads\/2024\/12\/Bozenarodzenie2025-768x432.jpg 768w, https:\/\/www.zrodlozyciaopole.pl\/wp-content\/uploads\/2024\/12\/Bozenarodzenie2025-1536x864.jpg 1536w, https:\/\/www.zrodlozyciaopole.pl\/wp-content\/uploads\/2024\/12\/Bozenarodzenie2025-18x10.jpg 18w, https:\/\/www.zrodlozyciaopole.pl\/wp-content\/uploads\/2024\/12\/Bozenarodzenie2025-958x539.jpg 958w, https:\/\/www.zrodlozyciaopole.pl\/wp-content\/uploads\/2024\/12\/Bozenarodzenie2025-24x14.jpg 24w, https:\/\/www.zrodlozyciaopole.pl\/wp-content\/uploads\/2024\/12\/Bozenarodzenie2025-36x20.jpg 36w, https:\/\/www.zrodlozyciaopole.pl\/wp-content\/uploads\/2024\/12\/Bozenarodzenie2025-48x27.jpg 48w\" sizes=\"(max-width: 1920px) 100vw, 1920px\" \/><\/a><div class=\"grid-content\"><h3><a href=\"https:\/\/www.zrodlozyciaopole.pl\/en\/2025\/12\/20\/nabozenstwo-bozonarodzeniowe\/\">Nabo\u017ce\u0144stwo Bo\u017conarodzeniowe<\/a><\/h3><span class=\"meta-data\"><span><i class=\"fa fa-calendar\"><\/i>20 December 2025<\/span><\/span><div class=\"page-content\"><p>Zapraszamy na nabo\u017ce\u0144stwo w pierwszy dzie\u0144 \u015bwi\u0105t Bo\u017cego narodzenia, w czwartek, 25 grudnia o godz. 10:30.<\/p><\/div><p><a href=\"https:\/\/www.zrodlozyciaopole.pl\/en\/2025\/12\/20\/nabozenstwo-bozonarodzeniowe\/\" class=\"btn btn-primary\">Read on<\/a><\/p><\/div> <\/div><\/li><li class=\"grid-item col-md-4 col-sm-6 post format-standard\"><div class=\"grid-item-inner\"><a href=\"https:\/\/www.zrodlozyciaopole.pl\/en\/2025\/10\/21\/20-lecie-kosciola\/\" class=\"media-box\"><img decoding=\"async\" src=\"https:\/\/www.zrodlozyciaopole.pl\/wp-content\/uploads\/2025\/10\/rocznica.png\" class=\"attachment-full size-full wp-post-image\" alt=\"\" srcset=\"https:\/\/www.zrodlozyciaopole.pl\/wp-content\/uploads\/2025\/10\/rocznica.png 1620w, https:\/\/www.zrodlozyciaopole.pl\/wp-content\/uploads\/2025\/10\/rocznica-300x200.png 300w, https:\/\/www.zrodlozyciaopole.pl\/wp-content\/uploads\/2025\/10\/rocznica-1024x683.png 1024w, https:\/\/www.zrodlozyciaopole.pl\/wp-content\/uploads\/2025\/10\/rocznica-768x512.png 768w, https:\/\/www.zrodlozyciaopole.pl\/wp-content\/uploads\/2025\/10\/rocznica-1536x1024.png 1536w, https:\/\/www.zrodlozyciaopole.pl\/wp-content\/uploads\/2025\/10\/rocznica-18x12.png 18w, https:\/\/www.zrodlozyciaopole.pl\/wp-content\/uploads\/2025\/10\/rocznica-600x400.png 600w, https:\/\/www.zrodlozyciaopole.pl\/wp-content\/uploads\/2025\/10\/rocznica-958x639.png 958w, https:\/\/www.zrodlozyciaopole.pl\/wp-content\/uploads\/2025\/10\/rocznica-24x16.png 24w, https:\/\/www.zrodlozyciaopole.pl\/wp-content\/uploads\/2025\/10\/rocznica-36x24.png 36w, https:\/\/www.zrodlozyciaopole.pl\/wp-content\/uploads\/2025\/10\/rocznica-48x32.png 48w, https:\/\/www.zrodlozyciaopole.pl\/wp-content\/uploads\/2025\/10\/rocznica-272x182.png 272w\" sizes=\"(max-width: 1620px) 100vw, 1620px\" \/><\/a><div class=\"grid-content\"><h3><a href=\"https:\/\/www.zrodlozyciaopole.pl\/en\/2025\/10\/21\/20-lecie-kosciola\/\">20-lecie ko\u015bcio\u0142a<\/a><\/h3><span class=\"meta-data\"><span><i class=\"fa fa-calendar\"><\/i>21 October 2025<\/span><\/span><div class=\"page-content\"><p>Zb\u00f3r Ko\u015bcio\u0142a Chrze\u015bcijan Baptyst\u00f3w \u201e\u0179r\u00f3d\u0142o \u017bycia\u201d w Opolu serdecznie zaprasza na wyj\u0105tkow\u0105 uroczysto\u015b\u0107 z okazji 20-lecia istnienia naszego ko\u015bcio\u0142a. \ud83d\ude4c To b\u0119dzie czas wspomnie\u0144, wdzi\u0119czno\u015bci i rado\u015bci &#8211; spotkajmy si\u0119,... <\/p><\/div><p><a href=\"https:\/\/www.zrodlozyciaopole.pl\/en\/2025\/10\/21\/20-lecie-kosciola\/\" class=\"btn btn-primary\">Read on<\/a><\/p><\/div> <\/div><\/li><\/ul>\n<p><a href=\"https:\/\/www.zrodlozyciaopole.pl\/index.php\/aktualnosci\/\" class=\"btn btn-primary\" style=\"float: right;\">Other news <i class=\"fa fa-long-arrow-right\"><\/i><\/a><\/p>\n<\/div><\/div><\/div><\/div><\/div><div id=\"pg-796-3\"  class=\"panel-grid panel-has-style\" ><div class=\"panel-row-style panel-row-style-for-796-3\" ><div id=\"pgc-796-3-0\"  class=\"panel-grid-cell\" ><div id=\"panel-796-3-0-0\" class=\"so-panel widget widget_event-grid-minimal-style-widget panel-first-child panel-last-child\" data-index=\"5\" ><div class=\"so-widget-event-grid-minimal-style-widget so-widget-event-grid-minimal-style-widget-base\">            \t<div class=\"listing\">\n                    <header class=\"listing-header\">\n\t\t\t\t\t                                        <h3>Don\u2019t Miss These!<\/h3>\n                                        <\/header>\n                    <section class=\"listing-cont\">\n                        <ul class=\"event-blocks row\">\n                            <li class=\"col-md-3 format-standard\">\n                    \t<div class=\"grid-item-inner\"><a href=\"https:\/\/www.zrodlozyciaopole.pl\/en\/event\/spotkanie-modlitewne\/?event_date=2026-04-22\" class=\"media-box\"><img decoding=\"async\" src=\"https:\/\/www.zrodlozyciaopole.pl\/wp-content\/uploads\/2024\/02\/modlitwa-DA-600x400.jpg\" class=\"attachment-600x400 size-600x400 wp-post-image\" alt=\"\" srcset=\"https:\/\/www.zrodlozyciaopole.pl\/wp-content\/uploads\/2024\/02\/modlitwa-DA-600x400.jpg 600w, https:\/\/www.zrodlozyciaopole.pl\/wp-content\/uploads\/2024\/02\/modlitwa-DA-300x201.jpg 300w, https:\/\/www.zrodlozyciaopole.pl\/wp-content\/uploads\/2024\/02\/modlitwa-DA-18x12.jpg 18w, https:\/\/www.zrodlozyciaopole.pl\/wp-content\/uploads\/2024\/02\/modlitwa-DA-24x16.jpg 24w, https:\/\/www.zrodlozyciaopole.pl\/wp-content\/uploads\/2024\/02\/modlitwa-DA-36x24.jpg 36w, https:\/\/www.zrodlozyciaopole.pl\/wp-content\/uploads\/2024\/02\/modlitwa-DA-48x32.jpg 48w, https:\/\/www.zrodlozyciaopole.pl\/wp-content\/uploads\/2024\/02\/modlitwa-DA-272x182.jpg 272w\" sizes=\"(max-width: 600px) 100vw, 600px\" \/><\/a><div class=\"grid-content\"><h5><a href=\"https:\/\/www.zrodlozyciaopole.pl\/en\/event\/spotkanie-modlitewne\/?event_date=2026-04-22\">Prayer meeting<\/a><\/h5>                       \t<span class=\"meta-data\"><i class=\"fa fa-calendar\"><\/i>22 Apr Wednesday<\/span><span class=\"meta-data\"><i class=\"fa fa-clock-o\"><\/i>18:30 - 20:00<\/span><\/div><\/div><\/li><li class=\"col-md-3 format-standard\">\n                    \t<div class=\"grid-item-inner\"><a href=\"https:\/\/www.zrodlozyciaopole.pl\/en\/event\/nabozenstwo\/?event_date=2026-04-26\" class=\"media-box\"><img decoding=\"async\" src=\"https:\/\/www.zrodlozyciaopole.pl\/wp-content\/uploads\/2022\/04\/nabo_1-580x400.jpg\" class=\"attachment-600x400 size-600x400 wp-post-image\" alt=\"\" srcset=\"https:\/\/www.zrodlozyciaopole.pl\/wp-content\/uploads\/2022\/04\/nabo_1-e1659555615180.jpg 580w, https:\/\/www.zrodlozyciaopole.pl\/wp-content\/uploads\/2022\/04\/nabo_1-e1659555615180-300x207.jpg 300w, https:\/\/www.zrodlozyciaopole.pl\/wp-content\/uploads\/2022\/04\/nabo_1-e1659555615180-24x17.jpg 24w, https:\/\/www.zrodlozyciaopole.pl\/wp-content\/uploads\/2022\/04\/nabo_1-e1659555615180-36x25.jpg 36w, https:\/\/www.zrodlozyciaopole.pl\/wp-content\/uploads\/2022\/04\/nabo_1-e1659555615180-48x33.jpg 48w\" sizes=\"(max-width: 580px) 100vw, 580px\" \/><\/a><div class=\"grid-content\"><h5><a href=\"https:\/\/www.zrodlozyciaopole.pl\/en\/event\/nabozenstwo\/?event_date=2026-04-26\">Church service<\/a> <a data-placement=\"bottom\" data-toggle=\"tooltip-live\" data-original-title=\"Recurring Every Week, for 999 Times\" rel=\"tooltip\" class=\"recurring-info-icon\"><i class=\"fa fa-refresh\"><\/i><\/a><\/h5>                       \t<span class=\"meta-data\"><i class=\"fa fa-calendar\"><\/i>26 Apr Sunday<\/span><span class=\"meta-data\"><i class=\"fa fa-clock-o\"><\/i>10:30 - 12:00<\/span><\/div><\/div><\/li><li class=\"col-md-3 format-standard\">\n                    \t<div class=\"grid-item-inner\"><a href=\"https:\/\/www.zrodlozyciaopole.pl\/en\/event\/bible-talk\/?event_date=2026-04-27\" class=\"media-box\"><img decoding=\"async\" src=\"https:\/\/www.zrodlozyciaopole.pl\/wp-content\/uploads\/2025\/02\/BibleTalk-600x400.jpg\" class=\"attachment-600x400 size-600x400 wp-post-image\" alt=\"\" srcset=\"https:\/\/www.zrodlozyciaopole.pl\/wp-content\/uploads\/2025\/02\/BibleTalk-600x400.jpg 600w, https:\/\/www.zrodlozyciaopole.pl\/wp-content\/uploads\/2025\/02\/BibleTalk-300x200.jpg 300w, https:\/\/www.zrodlozyciaopole.pl\/wp-content\/uploads\/2025\/02\/BibleTalk-1024x682.jpg 1024w, https:\/\/www.zrodlozyciaopole.pl\/wp-content\/uploads\/2025\/02\/BibleTalk-768x512.jpg 768w, https:\/\/www.zrodlozyciaopole.pl\/wp-content\/uploads\/2025\/02\/BibleTalk-1536x1023.jpg 1536w, https:\/\/www.zrodlozyciaopole.pl\/wp-content\/uploads\/2025\/02\/BibleTalk-958x638.jpg 958w, https:\/\/www.zrodlozyciaopole.pl\/wp-content\/uploads\/2025\/02\/BibleTalk-24x16.jpg 24w, https:\/\/www.zrodlozyciaopole.pl\/wp-content\/uploads\/2025\/02\/BibleTalk-36x24.jpg 36w, https:\/\/www.zrodlozyciaopole.pl\/wp-content\/uploads\/2025\/02\/BibleTalk-48x32.jpg 48w, https:\/\/www.zrodlozyciaopole.pl\/wp-content\/uploads\/2025\/02\/BibleTalk-272x182.jpg 272w, https:\/\/www.zrodlozyciaopole.pl\/wp-content\/uploads\/2025\/02\/BibleTalk.jpg 1600w\" sizes=\"(max-width: 600px) 100vw, 600px\" \/><\/a><div class=\"grid-content\"><h5><a href=\"https:\/\/www.zrodlozyciaopole.pl\/en\/event\/bible-talk\/?event_date=2026-04-27\">Bible Talk<\/a> <a data-placement=\"bottom\" data-toggle=\"tooltip-live\" data-original-title=\"Recurring Every Week, for 100 Times\" rel=\"tooltip\" class=\"recurring-info-icon\"><i class=\"fa fa-refresh\"><\/i><\/a><\/h5>                       \t<span class=\"meta-data\"><i class=\"fa fa-calendar\"><\/i>27 Apr Monday<\/span><span class=\"meta-data\"><i class=\"fa fa-clock-o\"><\/i>18:00 - 20:00<\/span><\/div><\/div><\/li><li class=\"col-md-3 format-standard\">\n                    \t<div class=\"grid-item-inner\"><a href=\"https:\/\/www.zrodlozyciaopole.pl\/en\/event\/grupa-biblijna\/?event_date=2026-04-29\" class=\"media-box\"><img decoding=\"async\" src=\"https:\/\/www.zrodlozyciaopole.pl\/wp-content\/uploads\/2023\/04\/biblijna-600x400.jpg\" class=\"attachment-600x400 size-600x400 wp-post-image\" alt=\"\" srcset=\"https:\/\/www.zrodlozyciaopole.pl\/wp-content\/uploads\/2023\/04\/biblijna-600x400.jpg 600w, https:\/\/www.zrodlozyciaopole.pl\/wp-content\/uploads\/2023\/04\/biblijna-272x182.jpg 272w\" sizes=\"(max-width: 600px) 100vw, 600px\" \/><\/a><div class=\"grid-content\"><h5><a href=\"https:\/\/www.zrodlozyciaopole.pl\/en\/event\/grupa-biblijna\/?event_date=2026-04-29\">Grupa biblijna<\/a><\/h5>                       \t<span class=\"meta-data\"><i class=\"fa fa-calendar\"><\/i>29 Apr Wednesday<\/span><span class=\"meta-data\"><i class=\"fa fa-clock-o\"><\/i>18:30 - 20:00<\/span><\/div><\/div><\/li>                        <\/ul>\n\t\t\t\t\t<\/section>\n                <\/div><\/div><\/div><\/div><\/div><\/div><div id=\"pg-796-4\"  class=\"panel-grid panel-has-style\" ><div class=\"panel-row-style panel-row-style-for-796-4\" ><div id=\"pgc-796-4-0\"  class=\"panel-grid-cell\" ><div id=\"panel-796-4-0-0\" class=\"so-panel widget widget_sermons-list-widget panel-first-child panel-last-child\" data-index=\"6\" ><div class=\"so-widget-sermons-list-widget so-widget-sermons-list-widget-base\">\t\t<div class=\"sidebar-widget-title\">\n\t\t\t\t\t\t<h3 class=\"widgettitle\">Last sermon<\/h3>\n\t\t<\/div>\n\t\t\t<div class=\"sermon-archive\">\n\t\t\t\t\t<article class=\"post sermon\">\n\t\t\t\t<header class=\"post-title-sermon\">\n\t\t\t\t\t<div class=\"row\">\n\t\t\t\t\t\t<div class=\"col-md-9 col-sm-9\">\n\t\t\t\t\t\t\t<h3><a href=\"https:\/\/www.zrodlozyciaopole.pl\/en\/sermons\/duchowe-bole-porodowe\/\">Duchowe b\u00f3le porodowe<\/a><\/h3><span class=\"meta-data\"><i class=\"fa fa-calendar\"><\/i>22 February 2026 | M\u00f3wca: <a href=\"https:\/\/www.zrodlozyciaopole.pl\/en\/sermons-speakers\/grzegorz-jaeger\/\" rel=\"tag\">Grzegorz Jaeger<\/a> Audio version <a href=\"https:\/\/www.zrodlozyciaopole.pl\/en\/sermons\/duchowe-bole-porodowe\/#play-audio\" data-placement=\"top\" data-toggle=\"tooltip\" data-original-title=\"Audio\" rel=\"tooltip\"><i class=\"fa fa-headphones\"><\/i><\/a><\/span><\/div><\/div><\/header>\n\t  <div class=\"post-content\">\n\t\t  <div class=\"row\">\t\t\t\t\t\t\t\t<div class=\"col-md-4 miniaturka-yt\">\n          <div class=\"video-container\"><iframe itemprop=\"video\" src=\"https:\/\/youtube.com\/embed\/fPFopohNNdk?autoplay=0&rel=0\" width=\"200\" height=\"150\" allowfullscreen=\"allowfullscreen\"><\/iframe><\/div>\t\t \n\n\t\t\t\t\t\t\t\t<\/div>\n\t\t\t\t\t\t\t<div class=\"col-md-8 col-sm-8 tekst-kazania\"><div class=\"page-content\"><p>List do Galacjan 4:12-20 | Wi\u0119ksza cz\u0119\u015b\u0107 Listu do Galacjan to obrona ewangelii. Pawe\u0142 u\u017cywa w nim wielu argument\u00f3w z Pisma. Ale ten fragment jest bardziej osobisty. Pawe\u0142 pokazuje, jak zabiega o swoje duchowe dzieci, kt\u00f3re zacz\u0119\u0142y odchodzi\u0107 od wolno\u015bci w Chrystusie. Jest to model dla ka\u017cdej relacji, w kt\u00f3rej... <\/p><\/div><p><a href=\"https:\/\/www.zrodlozyciaopole.pl\/en\/sermons\/duchowe-bole-porodowe\/\" class=\"kazanie-more btn btn-primary\">Read on<\/a><\/p><\/div><\/div><\/div><\/article>\t\t\t\t\t\t\t\t\t\t\t<\/div>\n\t\t\t\t<\/div><\/div><\/div><\/div><\/div><\/div>","protected":false},"excerpt":{"rendered":"<p>Albowiem w Tobie jest \u017ar\u00f3d\u0142o \u017cycia i w Twej \u015bwiat\u0142o\u015bci ogl\u0105damy \u015bwiat\u0142o\u015b\u0107. Psalm 36:10<\/p>","protected":false},"author":1,"featured_media":0,"parent":0,"menu_order":0,"comment_status":"closed","ping_status":"closed","template":"template-home-pb.php","meta":{"_monsterinsights_skip_tracking":false,"_monsterinsights_sitenote_active":false,"_monsterinsights_sitenote_note":"","_monsterinsights_sitenote_category":0,"footnotes":""},"class_list":["post-796","page","type-page","status-publish","hentry"],"_links":{"self":[{"href":"https:\/\/www.zrodlozyciaopole.pl\/en\/wp-json\/wp\/v2\/pages\/796","targetHints":{"allow":["GET"]}}],"collection":[{"href":"https:\/\/www.zrodlozyciaopole.pl\/en\/wp-json\/wp\/v2\/pages"}],"about":[{"href":"https:\/\/www.zrodlozyciaopole.pl\/en\/wp-json\/wp\/v2\/types\/page"}],"author":[{"embeddable":true,"href":"https:\/\/www.zrodlozyciaopole.pl\/en\/wp-json\/wp\/v2\/users\/1"}],"replies":[{"embeddable":true,"href":"https:\/\/www.zrodlozyciaopole.pl\/en\/wp-json\/wp\/v2\/comments?post=796"}],"version-history":[{"count":0,"href":"https:\/\/www.zrodlozyciaopole.pl\/en\/wp-json\/wp\/v2\/pages\/796\/revisions"}],"wp:attachment":[{"href":"https:\/\/www.zrodlozyciaopole.pl\/en\/wp-json\/wp\/v2\/media?parent=796"}],"curies":[{"name":"wp","href":"https:\/\/api.w.org\/{rel}","templated":true}]}}