{"id":3060,"date":"2022-04-14T12:03:55","date_gmt":"2022-04-14T10:03:55","guid":{"rendered":"http:\/\/new.zrodlozyciaopole.pl\/?page_id=3060"},"modified":"2022-05-05T21:33:40","modified_gmt":"2022-05-05T19:33:40","slug":"grupa-muzyczna","status":"publish","type":"page","link":"https:\/\/www.zrodlozyciaopole.pl\/en\/grupa-muzyczna\/","title":{"rendered":"Music team"},"content":{"rendered":"<div id=\"pl-3060\"  class=\"panel-layout\" ><div id=\"pg-3060-0\"  class=\"panel-grid panel-no-style\" ><div id=\"pgc-3060-0-0\"  class=\"panel-grid-cell\" ><div id=\"panel-3060-0-0-0\" class=\"so-panel widget widget_text panel-first-child panel-last-child\" data-index=\"0\" >\t\t\t<div class=\"textwidget\"><p>From the very beginning, Christians have worshiped God through songs and prayers. The Apostle Paul encouraged believers to let the \u201cword of Christ\u201d dwell richly among them by teaching and admonishing one another with psalms, hymns, and spiritual songs, singing with gratitude in their hearts to God.<\/p>\n<p>In Scripture we find many examples of songs and psalms. King David himself often sang and played to the Lord, and he established a \u201cmusic ministry.\u201d He appointed the Levites to set apart a group of singers who were to lift their voices with joy to the Lord, accompanied by harps, lyres, and cymbals.<\/p>\n<p>During our worship services, we come together to give glory and honor to God through songs and our personal prayers. In this time of worship there is space for cleansing, confession of sin, and pouring out our hearts before the Lord. We are led by those who have dedicated their musical gifts to serving God and His people.<\/p>\n<\/div>\n\t\t<\/div><\/div><\/div><\/div>","protected":false},"excerpt":{"rendered":"<p>Chrze\u015bcijanie od pocz\u0105tku uwielbiali Boga pie\u015bniami i modlitwami. Aposto\u0142 Pawe\u0142 zach\u0119ca\u0142, by wierz\u0105cy przekazywali sobie w ten spos\u00f3b \u201eS\u0142owo Chrystusowe\u201d, by si\u0119 nawzajem nauczali i napominali przez psalmy, hymny, pie\u015bni duchowne, wdzi\u0119cznie \u015bpiewaj\u0105c je Bogu. W Pi\u015bmie \u015awi\u0119tym mamy wiele przyk\u0142ad\u00f3w pie\u015bni i psalm\u00f3w. Kr\u00f3l Dawid, kt\u00f3ry sam cz\u0119sto Bogu \u015bpiewa\u0142 i gra\u0142, ustanowi\u0142 \u201es\u0142u\u017cb\u0119 [&hellip;]<\/p>","protected":false},"author":1,"featured_media":0,"parent":0,"menu_order":0,"comment_status":"closed","ping_status":"closed","template":"","meta":{"_monsterinsights_skip_tracking":false,"_monsterinsights_sitenote_active":false,"_monsterinsights_sitenote_note":"","_monsterinsights_sitenote_category":0,"footnotes":""},"class_list":["post-3060","page","type-page","status-publish","hentry"],"_links":{"self":[{"href":"https:\/\/www.zrodlozyciaopole.pl\/en\/wp-json\/wp\/v2\/pages\/3060","targetHints":{"allow":["GET"]}}],"collection":[{"href":"https:\/\/www.zrodlozyciaopole.pl\/en\/wp-json\/wp\/v2\/pages"}],"about":[{"href":"https:\/\/www.zrodlozyciaopole.pl\/en\/wp-json\/wp\/v2\/types\/page"}],"author":[{"embeddable":true,"href":"https:\/\/www.zrodlozyciaopole.pl\/en\/wp-json\/wp\/v2\/users\/1"}],"replies":[{"embeddable":true,"href":"https:\/\/www.zrodlozyciaopole.pl\/en\/wp-json\/wp\/v2\/comments?post=3060"}],"version-history":[{"count":0,"href":"https:\/\/www.zrodlozyciaopole.pl\/en\/wp-json\/wp\/v2\/pages\/3060\/revisions"}],"wp:attachment":[{"href":"https:\/\/www.zrodlozyciaopole.pl\/en\/wp-json\/wp\/v2\/media?parent=3060"}],"curies":[{"name":"wp","href":"https:\/\/api.w.org\/{rel}","templated":true}]}}