{"id":3054,"date":"2022-04-14T12:02:31","date_gmt":"2022-04-14T10:02:31","guid":{"rendered":"http:\/\/new.zrodlozyciaopole.pl\/?page_id=3054"},"modified":"2024-10-17T13:38:30","modified_gmt":"2024-10-17T11:38:30","slug":"studium-biblijne-dla-wszystkich","status":"publish","type":"page","link":"https:\/\/www.zrodlozyciaopole.pl\/en\/studium-biblijne-dla-wszystkich\/","title":{"rendered":"Bible studies for all"},"content":{"rendered":"<div id=\"pl-3054\"  class=\"panel-layout\" ><div id=\"pg-3054-0\"  class=\"panel-grid panel-no-style\" ><div id=\"pgc-3054-0-0\"  class=\"panel-grid-cell\" ><div id=\"panel-3054-0-0-0\" class=\"so-panel widget widget_text panel-first-child panel-last-child\" data-index=\"0\" >\t\t\t<div class=\"textwidget\"><p><strong>Bible Talk<br \/>\n<\/strong><\/p>\n<p>We meet every Monday at <strong>17:30<\/strong> in our Church building<\/p>\n<p>During our Bible studies, we take time to reflect on the Scripture, theology, personal questions and struggles.<\/p>\n<p>You can also be interested in joining our weekly prayer meetings at ul. Wr\u00f3blewskiego 73a.<\/p>\n<p>You are free to join our prayer meetings either in person or online through the following link: <a href=\"https:\/\/meet.google.com\/cyg-dzgx-byu\">https:\/\/meet.google.com\/cyg-dzgx-byu<\/a><\/p>\n<p>&nbsp;<\/p>\n<p><strong>Contact us:<\/strong><\/p>\n<p>Grzegorz Jaeger<br \/>\ngrzegorz.jaeger@gmail.com<br \/>\n510 459 819<\/p>\n<p><img decoding=\"async\" class=\"alignnone wp-image-4126 size-medium\" src=\"https:\/\/www.zrodlozyciaopole.pl\/wp-content\/uploads\/2024\/10\/wspolczesnosc-300x169.jpeg\" alt=\"\" width=\"300\" height=\"169\" srcset=\"https:\/\/www.zrodlozyciaopole.pl\/wp-content\/uploads\/2024\/10\/wspolczesnosc-300x169.jpeg 300w, https:\/\/www.zrodlozyciaopole.pl\/wp-content\/uploads\/2024\/10\/wspolczesnosc-1024x576.jpeg 1024w, https:\/\/www.zrodlozyciaopole.pl\/wp-content\/uploads\/2024\/10\/wspolczesnosc-768x432.jpeg 768w, https:\/\/www.zrodlozyciaopole.pl\/wp-content\/uploads\/2024\/10\/wspolczesnosc-1536x864.jpeg 1536w, https:\/\/www.zrodlozyciaopole.pl\/wp-content\/uploads\/2024\/10\/wspolczesnosc-958x539.jpeg 958w, https:\/\/www.zrodlozyciaopole.pl\/wp-content\/uploads\/2024\/10\/wspolczesnosc-24x14.jpeg 24w, https:\/\/www.zrodlozyciaopole.pl\/wp-content\/uploads\/2024\/10\/wspolczesnosc-36x20.jpeg 36w, https:\/\/www.zrodlozyciaopole.pl\/wp-content\/uploads\/2024\/10\/wspolczesnosc-48x27.jpeg 48w, https:\/\/www.zrodlozyciaopole.pl\/wp-content\/uploads\/2024\/10\/wspolczesnosc.jpeg 2048w\" sizes=\"(max-width: 300px) 100vw, 300px\" \/><\/p>\n<p>&nbsp;<\/p>\n<\/div>\n\t\t<\/div><\/div><\/div><\/div>","protected":false},"excerpt":{"rendered":"<p>Chrze\u015bcijanie we wsp\u00f3\u0142czesnym \u015bwiecie Co drugi pi\u0105tek spotykamy si\u0119 o 17:30 w domu przy ul. Wr\u00f3blewskiego 73a. Podczas studium biblijnego przygl\u0105damy si\u0119 naszemu \u017cyciu jako chrze\u015bcijan we wsp\u00f3\u0142czesnym \u015bwiecie. Temat dotyczy nie tylko wyzwa\u0144, kt\u00f3re pojawi\u0142y si\u0119 wsp\u00f3\u0142cze\u015bnie, ale te\u017c naszego codziennego \u017cycia jako chrze\u015bcijan w miejscu pracy czy w rodzinie. Grupa biblijna spotyka si\u0119 [&hellip;]<\/p>","protected":false},"author":1,"featured_media":3487,"parent":0,"menu_order":0,"comment_status":"closed","ping_status":"closed","template":"","meta":{"_monsterinsights_skip_tracking":false,"_monsterinsights_sitenote_active":false,"_monsterinsights_sitenote_note":"","_monsterinsights_sitenote_category":0,"footnotes":""},"class_list":["post-3054","page","type-page","status-publish","has-post-thumbnail","hentry"],"_links":{"self":[{"href":"https:\/\/www.zrodlozyciaopole.pl\/en\/wp-json\/wp\/v2\/pages\/3054","targetHints":{"allow":["GET"]}}],"collection":[{"href":"https:\/\/www.zrodlozyciaopole.pl\/en\/wp-json\/wp\/v2\/pages"}],"about":[{"href":"https:\/\/www.zrodlozyciaopole.pl\/en\/wp-json\/wp\/v2\/types\/page"}],"author":[{"embeddable":true,"href":"https:\/\/www.zrodlozyciaopole.pl\/en\/wp-json\/wp\/v2\/users\/1"}],"replies":[{"embeddable":true,"href":"https:\/\/www.zrodlozyciaopole.pl\/en\/wp-json\/wp\/v2\/comments?post=3054"}],"version-history":[{"count":0,"href":"https:\/\/www.zrodlozyciaopole.pl\/en\/wp-json\/wp\/v2\/pages\/3054\/revisions"}],"wp:featuredmedia":[{"embeddable":true,"href":"https:\/\/www.zrodlozyciaopole.pl\/en\/wp-json\/wp\/v2\/media\/3487"}],"wp:attachment":[{"href":"https:\/\/www.zrodlozyciaopole.pl\/en\/wp-json\/wp\/v2\/media?parent=3054"}],"curies":[{"name":"wp","href":"https:\/\/api.w.org\/{rel}","templated":true}]}}