{"id":2772,"date":"2022-04-03T19:21:42","date_gmt":"2022-04-03T17:21:42","guid":{"rendered":"http:\/\/new.zrodlozyciaopole.pl\/?page_id=2772"},"modified":"2025-04-08T00:13:11","modified_gmt":"2025-04-07T22:13:11","slug":"nabozenstwa","status":"publish","type":"page","link":"https:\/\/www.zrodlozyciaopole.pl\/en\/nabozenstwa\/","title":{"rendered":"Our Sunday Gatherings"},"content":{"rendered":"<div id=\"pl-2772\"  class=\"panel-layout\" ><div id=\"pg-2772-0\"  class=\"panel-grid panel-no-style\" ><div id=\"pgc-2772-0-0\"  class=\"panel-grid-cell\" ><div id=\"panel-2772-0-0-0\" class=\"so-panel widget widget_text panel-first-child panel-last-child\" data-index=\"0\" >\t\t\t<div class=\"textwidget\"><p>The first church met on the first day of the week\u2014Sunday, the day our Lord Jesus Christ rose from the dead.\n\nAt the center of our worship services is the Word of God. We read it together and listen to sermons prepared from it. This teaching explains the truths of Scripture and calls us to live them out.\n\nOur Sunday gatherings also include singing songs rooted in biblical truth and offering prayers to our God.<\/p>\n<p>&nbsp;<\/p>\n<p>&nbsp;<\/p>\n<\/div>\n\t\t<\/div><\/div><\/div><div id=\"pg-2772-1\"  class=\"panel-grid panel-no-style\" ><div id=\"pgc-2772-1-0\"  class=\"panel-grid-cell\" ><div id=\"panel-2772-1-0-0\" class=\"so-panel widget widget_media_image panel-first-child panel-last-child\" data-index=\"1\" ><img decoding=\"async\" width=\"552\" height=\"367\" src=\"https:\/\/www.zrodlozyciaopole.pl\/wp-content\/uploads\/2022\/04\/nabo_2-e1659555696468.jpg\" class=\"image wp-image-3007  attachment-full size-full\" alt=\"\" style=\"max-width: 100%; height: auto;\" srcset=\"https:\/\/www.zrodlozyciaopole.pl\/wp-content\/uploads\/2022\/04\/nabo_2-e1659555696468.jpg 552w, https:\/\/www.zrodlozyciaopole.pl\/wp-content\/uploads\/2022\/04\/nabo_2-e1659555696468-300x199.jpg 300w, https:\/\/www.zrodlozyciaopole.pl\/wp-content\/uploads\/2022\/04\/nabo_2-e1659555696468-24x16.jpg 24w, https:\/\/www.zrodlozyciaopole.pl\/wp-content\/uploads\/2022\/04\/nabo_2-e1659555696468-36x24.jpg 36w, https:\/\/www.zrodlozyciaopole.pl\/wp-content\/uploads\/2022\/04\/nabo_2-e1659555696468-48x32.jpg 48w, https:\/\/www.zrodlozyciaopole.pl\/wp-content\/uploads\/2022\/04\/nabo_2-e1659555696468-272x182.jpg 272w\" sizes=\"(max-width: 552px) 100vw, 552px\" \/><\/div><\/div><div id=\"pgc-2772-1-1\"  class=\"panel-grid-cell\" ><div id=\"panel-2772-1-1-0\" class=\"so-panel widget widget_media_image panel-first-child panel-last-child\" data-index=\"2\" ><img decoding=\"async\" width=\"580\" height=\"400\" src=\"https:\/\/www.zrodlozyciaopole.pl\/wp-content\/uploads\/2022\/04\/nabo_1-e1659555615180.jpg\" class=\"image wp-image-3006  attachment-full size-full\" alt=\"\" style=\"max-width: 100%; height: auto;\" srcset=\"https:\/\/www.zrodlozyciaopole.pl\/wp-content\/uploads\/2022\/04\/nabo_1-e1659555615180.jpg 580w, https:\/\/www.zrodlozyciaopole.pl\/wp-content\/uploads\/2022\/04\/nabo_1-e1659555615180-300x207.jpg 300w, https:\/\/www.zrodlozyciaopole.pl\/wp-content\/uploads\/2022\/04\/nabo_1-e1659555615180-24x17.jpg 24w, https:\/\/www.zrodlozyciaopole.pl\/wp-content\/uploads\/2022\/04\/nabo_1-e1659555615180-36x25.jpg 36w, https:\/\/www.zrodlozyciaopole.pl\/wp-content\/uploads\/2022\/04\/nabo_1-e1659555615180-48x33.jpg 48w\" sizes=\"(max-width: 580px) 100vw, 580px\" \/><\/div><\/div><\/div><div id=\"pg-2772-2\"  class=\"panel-grid panel-no-style\" ><div id=\"pgc-2772-2-0\"  class=\"panel-grid-cell\" ><div id=\"panel-2772-2-0-0\" class=\"so-panel widget widget_text panel-first-child panel-last-child\" data-index=\"3\" >\t\t\t<div class=\"textwidget\"><p>We also practice:<\/p>\n<ul>\n<li><strong>Baptism<\/strong><br \/>\nWe believe and practice that baptism\u2014immersing a person in water\u2014should take place when they have put their trust in Jesus Christ, who paid the penalty for all their sins on the cross, and desire to submit their life to Him.<\/p>\n<p><img decoding=\"async\" width=\"300\" height=\"197\" class=\"alignnone size-medium wp-image-3019\" src=\"http:\/\/new.zrodlozyciaopole.pl\/wp-content\/uploads\/2022\/04\/chrzest-300x197.jpg\" alt=\"\" srcset=\"https:\/\/www.zrodlozyciaopole.pl\/wp-content\/uploads\/2022\/04\/chrzest-300x197.jpg 300w, https:\/\/www.zrodlozyciaopole.pl\/wp-content\/uploads\/2022\/04\/chrzest-24x16.jpg 24w, https:\/\/www.zrodlozyciaopole.pl\/wp-content\/uploads\/2022\/04\/chrzest-36x24.jpg 36w, https:\/\/www.zrodlozyciaopole.pl\/wp-content\/uploads\/2022\/04\/chrzest-48x31.jpg 48w, https:\/\/www.zrodlozyciaopole.pl\/wp-content\/uploads\/2022\/04\/chrzest.jpg 580w\" sizes=\"(max-width: 300px) 100vw, 300px\" \/><\/li>\n<\/ul>\n<p>&nbsp;<\/p>\n<ul>\n<li><strong>The Eucharist<\/strong><br \/>\nOn the first Sunday of each month, we share bread and wine in remembrance of the death of Jesus Christ, just as He Himself commanded His disciples at the Last Supper.<\/p>\n<p><img decoding=\"async\" width=\"300\" height=\"197\" class=\"alignnone size-medium wp-image-3020\" src=\"http:\/\/new.zrodlozyciaopole.pl\/wp-content\/uploads\/2022\/04\/wieczerza-300x197.jpg\" alt=\"\" srcset=\"https:\/\/www.zrodlozyciaopole.pl\/wp-content\/uploads\/2022\/04\/wieczerza-300x197.jpg 300w, https:\/\/www.zrodlozyciaopole.pl\/wp-content\/uploads\/2022\/04\/wieczerza-24x16.jpg 24w, https:\/\/www.zrodlozyciaopole.pl\/wp-content\/uploads\/2022\/04\/wieczerza-36x24.jpg 36w, https:\/\/www.zrodlozyciaopole.pl\/wp-content\/uploads\/2022\/04\/wieczerza-48x31.jpg 48w, https:\/\/www.zrodlozyciaopole.pl\/wp-content\/uploads\/2022\/04\/wieczerza.jpg 580w\" sizes=\"(max-width: 300px) 100vw, 300px\" \/><\/li>\n<\/ul>\n<\/div>\n\t\t<\/div><\/div><\/div><\/div>","protected":false},"excerpt":{"rendered":"<p>Pierwszy Ko\u015bci\u00f3\u0142 spotyka\u0142 si\u0119 w pierwszy dzie\u0144 tygodnia, kt\u00f3rym jest niedziela. Jest to dzie\u0144, w kt\u00f3rym zmartwychwsta\u0142 nasz Pan Jezus Chrystus. W centrum naszych nabo\u017ce\u0144stw jest S\u0142owo Bo\u017ce. Czytamy je oraz s\u0142uchamy wsp\u00f3lnie kaza\u0144 przygotowanych na jego podstawie. To nauczanie ma wyja\u015bnia\u0107 i wzywa\u0107 do stosowania prawd biblijnych. Cz\u0119\u015bci\u0105 niedzielnych spotka\u0144 jest te\u017c wsp\u00f3lny \u015bpiew [&hellip;]<\/p>","protected":false},"author":1,"featured_media":0,"parent":0,"menu_order":0,"comment_status":"closed","ping_status":"closed","template":"","meta":{"_monsterinsights_skip_tracking":false,"_monsterinsights_sitenote_active":false,"_monsterinsights_sitenote_note":"","_monsterinsights_sitenote_category":0,"footnotes":""},"class_list":["post-2772","page","type-page","status-publish","hentry"],"_links":{"self":[{"href":"https:\/\/www.zrodlozyciaopole.pl\/en\/wp-json\/wp\/v2\/pages\/2772","targetHints":{"allow":["GET"]}}],"collection":[{"href":"https:\/\/www.zrodlozyciaopole.pl\/en\/wp-json\/wp\/v2\/pages"}],"about":[{"href":"https:\/\/www.zrodlozyciaopole.pl\/en\/wp-json\/wp\/v2\/types\/page"}],"author":[{"embeddable":true,"href":"https:\/\/www.zrodlozyciaopole.pl\/en\/wp-json\/wp\/v2\/users\/1"}],"replies":[{"embeddable":true,"href":"https:\/\/www.zrodlozyciaopole.pl\/en\/wp-json\/wp\/v2\/comments?post=2772"}],"version-history":[{"count":0,"href":"https:\/\/www.zrodlozyciaopole.pl\/en\/wp-json\/wp\/v2\/pages\/2772\/revisions"}],"wp:attachment":[{"href":"https:\/\/www.zrodlozyciaopole.pl\/en\/wp-json\/wp\/v2\/media?parent=2772"}],"curies":[{"name":"wp","href":"https:\/\/api.w.org\/{rel}","templated":true}]}}