{"id":2769,"date":"2022-04-03T19:17:45","date_gmt":"2022-04-03T17:17:45","guid":{"rendered":"http:\/\/new.zrodlozyciaopole.pl\/?page_id=2769"},"modified":"2022-05-05T21:31:27","modified_gmt":"2022-05-05T19:31:27","slug":"baptysci-na-opolszczyznie","status":"publish","type":"page","link":"https:\/\/www.zrodlozyciaopole.pl\/en\/baptysci-na-opolszczyznie\/","title":{"rendered":"Bapty\u015bci na Opolszczy\u017anie"},"content":{"rendered":"<div id=\"pl-2769\"  class=\"panel-layout\" ><div id=\"pg-2769-0\"  class=\"panel-grid panel-no-style\" ><div id=\"pgc-2769-0-0\"  class=\"panel-grid-cell\" ><div id=\"panel-2769-0-0-0\" class=\"so-panel widget widget_text panel-first-child panel-last-child\" data-index=\"0\" >\t\t\t<div class=\"textwidget\"><p>Pierwsi bapty\u015bci dotarli na Opolszczyzn\u0119 w po\u0142owie XIX w., kiedy nale\u017ca\u0142a ona do Kr\u00f3lestwa Prus. Baptyzm pojawi\u0142 si\u0119 w pierwszych miejscowo\u015bciach Opolszczyzny za spraw\u0105 niemieckich misjonarzy i zbor\u00f3w, w szczeg\u00f3lno\u015bci zboru we Wroc\u0142awiu oraz zboru w W\u00f3jtowicach. Te zbory zawdzi\u0119czaj\u0105 z kolei swoje istnienie pierwszym niemieckim baptystom, w tym Johannowi Gerhardowi Onckenowi, kt\u00f3ry mia\u0142 sw\u00f3j udzia\u0142 w powstaniu obu tych zbor\u00f3w.<\/p>\n<p>Pierwsze wspomnienie o baptystach na Opolszczy\u017anie dotyczy os\u00f3b spotykaj\u0105cych si\u0119 w Prudniku i pochodzi z 1856 r. Od tego czasu min\u0119\u0142o ju\u017c ponad 160 lat, z kt\u00f3rych ponad po\u0142owa (89 lat) obejmuje niemiecki okres historii Opolszczyzny. Badania pozwoli\u0142y ustali\u0107, \u017ce w tym czasie funkcjonowa\u0142o na tym terenie 12 wsp\u00f3lnot baptystycznych. Informacje te pochodz\u0105 z niemieckich rocznik\u00f3w statystycznych, kt\u00f3re za ka\u017cdy rok podawa\u0142y list\u0119 zbor\u00f3w i plac\u00f3wek wraz z ich adresami. By\u0142y to:<\/p>\n<ul>\n<li>Zb\u00f3r w Prudniku od 1856 do 1944 r. (ostatnia wzmianka)<br \/>\nPlac\u00f3wki Zboru w Prudniku:<\/p>\n<ul>\n<li>Nysa od 1922 do 1924 r.<\/li>\n<li>Gracze w 1925 r.<\/li>\n<li>Magnuszowice od 1925 do 1939 r. (ostatnia wzmianka)<\/li>\n<li>Pielgrzymowice w 1927 r.<\/li>\n<li>Niemodlin od 1936 do 1939 r. (ostatnia wzmianka)<\/li>\n<li>Szyd\u0142owiec \u015al\u0105ski od 1936 do 1939 r. (ostatnia wzmianka)<\/li>\n<\/ul>\n<\/li>\n<\/ul>\n<p>&nbsp;<\/p>\n<ul>\n<li>Plac\u00f3wki Zboru we Wroc\u0142awiu\n<ul>\n<li>Lewin Brzeski od 1894 do 1939 r. (ostatnia wzmianka)<\/li>\n<li>Brzeg od 1919 (funkcjonowa\u0142a z przerwami) do 1939 r. (ostatnia wzmianka)<\/li>\n<li>Gracze od 1912 do 1924 r.<\/li>\n<li>Ko\u015bcierzyce od 1925 do 1927 r.<\/li>\n<li>Opole od 1927 do 1931 r.<\/li>\n<\/ul>\n<\/li>\n<\/ul>\n<p>W 1927 r. spotkania odbywa\u0142y si\u0119 w mieszkaniu przy Wilhelmsplatz 4 (obecnie Plac Kopernika).<br \/>\nW latach 1928-1929 bapty\u015bci spotykali si\u0119 przy Kr\u00e4uterstrasse 26 (obecnie ul. Spychalskiego) w mieszkaniu osoby o nazwisku Krumm.<br \/>\nW dw\u00f3ch ostatnich latach (1930-1931) zb\u00f3r spotyka\u0142 si\u0119 w mieszkaniu przy Sternstrasse 49 (obecnie ul. Reymonta).<br \/>\nPlac\u00f3wka Zboru w \u015awiebodzicach w Pilszczu \u2013 pojawi\u0142a si\u0119 w zestawieniu w 1911 r. Autor nie posiada informacji, czy pojawi\u0142a si\u0119 w zestawieniach w kolejnych latach.<\/p>\n<p>W kolejnych 75 latach polskiej historii Opolszczyzny rozwin\u0119\u0142y si\u0119 natomiast tylko trzy wsp\u00f3lnoty baptystyczne. Jedna z nich, wsp\u00f3lnota w Opolu, funkcjonuje wsp\u00f3\u0142cze\u015bnie i jest jedynym samodzielnym zborem baptystycznym, jaki powsta\u0142 w tym okresie na Opolszczy\u017anie.<\/p>\n<ul>\n<li>Plac\u00f3wka zboru we Wroc\u0142awiu w Brzegu<br \/>\nPowstanie tej plac\u00f3wki przypada na pierwsze 10-lecie po zako\u0144czeniu II Wojny \u015awiatowej. Wspomina o tym Krzysztof Bednarczyk w swoim referacie z okazji 10-lecia zboru wroc\u0142awskiego: \u201eDorywczo urz\u0105dzano te\u017c nabo\u017ce\u0144stwa w innych miastach Dolnego \u015al\u0105ska, tj. w Jeleniej G\u00f3rze, Brzegu, \u015awidnicy, Jaworze\u201d.<\/li>\n<li>Plac\u00f3wka zboru w Zabrzu w K\u0119dzierzynie-Ko\u017alu od 1983 do 1998 r.<br \/>\nRozpocz\u0119\u0142a swoje funkcjonowanie od udzia\u0142u mieszka\u0144c\u00f3w K\u0119dzierzyna-Ko\u017ala w spotkaniach baptyst\u00f3w w Zabrzu. Z tej grupy powsta\u0142a plac\u00f3wka, kt\u00f3rej spotkania pocz\u0105tkowo odbywa\u0142y si\u0119 w domach, a nast\u0119pnie w salce przy ko\u015bciele ewangelicko-augsburskim przy ul. G\u0142owackiego 17.<\/li>\n<li>Zb\u00f3r w Opolu od 2005 r.<\/li>\n<\/ul>\n<\/div>\n\t\t<\/div><\/div><\/div><\/div>","protected":false},"excerpt":{"rendered":"<p>Pierwsi bapty\u015bci dotarli na Opolszczyzn\u0119 w po\u0142owie XIX w., kiedy nale\u017ca\u0142a ona do Kr\u00f3lestwa Prus. Baptyzm pojawi\u0142 si\u0119 w pierwszych miejscowo\u015bciach Opolszczyzny za spraw\u0105 niemieckich misjonarzy i zbor\u00f3w, w szczeg\u00f3lno\u015bci zboru we Wroc\u0142awiu oraz zboru w W\u00f3jtowicach. Te zbory zawdzi\u0119czaj\u0105 z kolei swoje istnienie pierwszym niemieckim baptystom, w tym Johannowi Gerhardowi Onckenowi, kt\u00f3ry mia\u0142 sw\u00f3j [&hellip;]<\/p>","protected":false},"author":1,"featured_media":0,"parent":0,"menu_order":0,"comment_status":"closed","ping_status":"closed","template":"","meta":{"_monsterinsights_skip_tracking":false,"_monsterinsights_sitenote_active":false,"_monsterinsights_sitenote_note":"","_monsterinsights_sitenote_category":0,"footnotes":""},"class_list":["post-2769","page","type-page","status-publish","hentry"],"_links":{"self":[{"href":"https:\/\/www.zrodlozyciaopole.pl\/en\/wp-json\/wp\/v2\/pages\/2769","targetHints":{"allow":["GET"]}}],"collection":[{"href":"https:\/\/www.zrodlozyciaopole.pl\/en\/wp-json\/wp\/v2\/pages"}],"about":[{"href":"https:\/\/www.zrodlozyciaopole.pl\/en\/wp-json\/wp\/v2\/types\/page"}],"author":[{"embeddable":true,"href":"https:\/\/www.zrodlozyciaopole.pl\/en\/wp-json\/wp\/v2\/users\/1"}],"replies":[{"embeddable":true,"href":"https:\/\/www.zrodlozyciaopole.pl\/en\/wp-json\/wp\/v2\/comments?post=2769"}],"version-history":[{"count":0,"href":"https:\/\/www.zrodlozyciaopole.pl\/en\/wp-json\/wp\/v2\/pages\/2769\/revisions"}],"wp:attachment":[{"href":"https:\/\/www.zrodlozyciaopole.pl\/en\/wp-json\/wp\/v2\/media?parent=2769"}],"curies":[{"name":"wp","href":"https:\/\/api.w.org\/{rel}","templated":true}]}}