{"id":1942,"date":"2021-10-17T19:19:03","date_gmt":"2021-10-17T17:19:03","guid":{"rendered":"http:\/\/new.zrodlozyciaopole.pl\/?page_id=1942"},"modified":"2022-05-05T21:32:16","modified_gmt":"2022-05-05T19:32:16","slug":"kim-sa-baptysci","status":"publish","type":"page","link":"https:\/\/www.zrodlozyciaopole.pl\/en\/kim-sa-baptysci\/","title":{"rendered":"Who are the Baptists?"},"content":{"rendered":"<div id=\"pl-1942\"  class=\"panel-layout\" ><div id=\"pg-1942-0\"  class=\"panel-grid panel-has-style\" ><div class=\"siteorigin-panels-stretch panel-row-style panel-row-style-for-1942-0\" data-stretch-type=\"full\" ><div id=\"pgc-1942-0-0\"  class=\"panel-grid-cell\" ><div id=\"panel-1942-0-0-0\" class=\"so-panel widget widget_sow-editor panel-first-child panel-last-child\" data-index=\"0\" ><div class=\"so-widget-sow-editor so-widget-sow-editor-base\">\n<div class=\"siteorigin-widget-tinymce textwidget\">\n\t<p>Baptist churches belong to the Protestant stream of Christianity. They first appeared in England at the beginning of the 17th century. What set them apart from other Protestant churches of that time was their conviction that the church should be made up only of believers who had personally confessed their faith in Christ. For this reason, they did not baptize infants, but only those who made a conscious profession of faith.<\/p>\n<p>Baptists hold to the Reformation principle of Sola Scriptura\u2014\u201cScripture Alone.\u201d This means that the written Word of God is the only infallible and sufficient rule for faith and practice. In other words, all teachings and religious practices in the church are subject to the authority of Scripture.<\/p>\n<p>We believe in the one true God who exists in the Trinity\u2014Father, Son, and Holy Spirit\u2014and we offer worship to Him alone.<\/p>\n<p>For Baptists, Jesus Christ is the only Mediator and Savior. Born of the virgin Mary, fully God and fully man, and without sin, He alone gives eternal life, a gracious gift of God that no one can earn.<\/p>\n<p>Salvation cannot be earned by human effort, it can only be received through humble, trusting faith, which is the fruit of being born again. This salvation produces good works in the life of a believer as a sign of the new life filled with deep peace that God intends for all who trust in Him. Baptists believe that God is the sovereign Lord over all things, and that He will have the final word in the history of the world.<\/p>\n<p>Baptists recognize two ordinances: baptism and the Lord\u2019s Supper. Baptism is practiced according to the example of the apostles, by full immersion in water, and is reserved for those who understand its meaning, have received the gift of eternal life from the Savior, and have given a public testimony of their faith.<\/p>\n<p>The church is a community of people who have received the truths of the faith and seek to live them out daily. The Lord\u2019s Supper (also called the Lord\u2019s Table, the Memorial, or the Eucharist) is observed according to Christ\u2019s command, in both elements, which is bread and the cup.<\/p>\n<p>The basic organizational unit of the church is the local congregation. Responsibility for the life of the church rests with all its members. Together, they choose their leaders and are called to make sure that their teaching is faithful to Scripture. Every member also shares in the responsibility of caring for the spiritual growth of others.\n\nThe leaders of the congregation are elders (also called presbyters, pastors, or bishops), who are entrusted with teaching God\u2019s Word. Many Baptist congregations join together in associations or unions for fellowship and cooperation. In Poland, the largest such union is the Polish Baptist Union (Ko\u015bci\u00f3\u0142 Chrze\u015bcijan Baptyst\u00f3w w RP). Worldwide, there are more than 100 million Baptists.<\/p>\n<\/div>\n<\/div><\/div><\/div><\/div><\/div><\/div>","protected":false},"excerpt":{"rendered":"<p>Ko\u015bcio\u0142y baptystyczne nale\u017c\u0105 do protestanckiego nurtu chrze\u015bcija\u0144stwa. Zacz\u0119\u0142y pojawia\u0107 si\u0119 na pocz\u0105tku XVII wieku w Anglii. Od istniej\u0105cych wtedy ko\u015bcio\u0142\u00f3w protestanckich odr\u00f3\u017cnia\u0142y si\u0119 tym, \u017ce sk\u0142ada\u0142y si\u0119 tylko z ludzi ochrzczonych na swoje wyznanie wiary, bo nie chrzczono niemowl\u0105t. Bapty\u015bci uznaj\u0105 reformacyjn\u0105 zasad\u0119 Sola Scriptura, czyli Tylko Pismo, co oznacza, \u017ce spisane S\u0142owo Bo\u017ce jest [&hellip;]<\/p>","protected":false},"author":1,"featured_media":0,"parent":0,"menu_order":0,"comment_status":"closed","ping_status":"closed","template":"","meta":{"_monsterinsights_skip_tracking":false,"_monsterinsights_sitenote_active":false,"_monsterinsights_sitenote_note":"","_monsterinsights_sitenote_category":0,"footnotes":""},"class_list":["post-1942","page","type-page","status-publish","hentry"],"_links":{"self":[{"href":"https:\/\/www.zrodlozyciaopole.pl\/en\/wp-json\/wp\/v2\/pages\/1942","targetHints":{"allow":["GET"]}}],"collection":[{"href":"https:\/\/www.zrodlozyciaopole.pl\/en\/wp-json\/wp\/v2\/pages"}],"about":[{"href":"https:\/\/www.zrodlozyciaopole.pl\/en\/wp-json\/wp\/v2\/types\/page"}],"author":[{"embeddable":true,"href":"https:\/\/www.zrodlozyciaopole.pl\/en\/wp-json\/wp\/v2\/users\/1"}],"replies":[{"embeddable":true,"href":"https:\/\/www.zrodlozyciaopole.pl\/en\/wp-json\/wp\/v2\/comments?post=1942"}],"version-history":[{"count":0,"href":"https:\/\/www.zrodlozyciaopole.pl\/en\/wp-json\/wp\/v2\/pages\/1942\/revisions"}],"wp:attachment":[{"href":"https:\/\/www.zrodlozyciaopole.pl\/en\/wp-json\/wp\/v2\/media?parent=1942"}],"curies":[{"name":"wp","href":"https:\/\/api.w.org\/{rel}","templated":true}]}}